{"id":114,"date":"2023-09-10T16:12:10","date_gmt":"2023-09-10T14:12:10","guid":{"rendered":"https:\/\/experiencecheval.fr\/index.php\/workshops\/"},"modified":"2024-08-19T15:15:49","modified_gmt":"2024-08-19T13:15:49","slug":"workshops","status":"publish","type":"page","link":"https:\/\/experiencecheval.fr\/index.php\/workshops\/","title":{"rendered":"Agenda"},"content":{"rendered":"\t\t<div data-elementor-type=\"wp-page\" data-elementor-id=\"114\" class=\"elementor elementor-114\">\n\t\t\t\t\t\t<section class=\"elementor-section elementor-top-section elementor-element elementor-element-5c3424d6 elementor-section-full_width elementor-section-height-min-height elementor-section-items-stretch elementor-section-content-middle elementor-reverse-tablet elementor-reverse-mobile elementor-section-height-default\" data-id=\"5c3424d6\" data-element_type=\"section\" data-settings=\"{&quot;background_background&quot;:&quot;classic&quot;}\">\n\t\t\t\t\t\t<div class=\"elementor-container elementor-column-gap-no\">\n\t\t\t\t\t<div class=\"elementor-column elementor-col-50 elementor-top-column elementor-element elementor-element-4d4aaf6\" data-id=\"4d4aaf6\" data-element_type=\"column\">\n\t\t\t<div class=\"elementor-widget-wrap elementor-element-populated\">\n\t\t\t\t\t\t<div class=\"elementor-element elementor-element-61a96004 elementor-invisible elementor-widget elementor-widget-heading\" data-id=\"61a96004\" data-element_type=\"widget\" data-settings=\"{&quot;_animation&quot;:&quot;fadeInUp&quot;}\" data-widget_type=\"heading.default\">\n\t\t\t\t<div class=\"elementor-widget-container\">\n\t\t\t<style>\/*! elementor - v3.23.0 - 15-07-2024 *\/\n.elementor-heading-title{padding:0;margin:0;line-height:1}.elementor-widget-heading .elementor-heading-title[class*=elementor-size-]>a{color:inherit;font-size:inherit;line-height:inherit}.elementor-widget-heading .elementor-heading-title.elementor-size-small{font-size:15px}.elementor-widget-heading .elementor-heading-title.elementor-size-medium{font-size:19px}.elementor-widget-heading .elementor-heading-title.elementor-size-large{font-size:29px}.elementor-widget-heading .elementor-heading-title.elementor-size-xl{font-size:39px}.elementor-widget-heading .elementor-heading-title.elementor-size-xxl{font-size:59px}<\/style><span class=\"elementor-heading-title elementor-size-default\">Les s\u00e9ances<\/span>\t\t<\/div>\n\t\t\t\t<\/div>\n\t\t\t\t\t<\/div>\n\t\t<\/div>\n\t\t\t\t<div class=\"elementor-column elementor-col-50 elementor-top-column elementor-element elementor-element-30a14f11\" data-id=\"30a14f11\" data-element_type=\"column\" data-settings=\"{&quot;background_background&quot;:&quot;classic&quot;}\">\n\t\t\t<div class=\"elementor-widget-wrap elementor-element-populated\">\n\t\t\t\t\t\t<div class=\"elementor-element elementor-element-4cca0f8c elementor-widget elementor-widget-spacer\" data-id=\"4cca0f8c\" data-element_type=\"widget\" data-widget_type=\"spacer.default\">\n\t\t\t\t<div class=\"elementor-widget-container\">\n\t\t\t<style>\/*! elementor - v3.23.0 - 15-07-2024 *\/\n.elementor-column .elementor-spacer-inner{height:var(--spacer-size)}.e-con{--container-widget-width:100%}.e-con-inner>.elementor-widget-spacer,.e-con>.elementor-widget-spacer{width:var(--container-widget-width,var(--spacer-size));--align-self:var(--container-widget-align-self,initial);--flex-shrink:0}.e-con-inner>.elementor-widget-spacer>.elementor-widget-container,.e-con>.elementor-widget-spacer>.elementor-widget-container{height:100%;width:100%}.e-con-inner>.elementor-widget-spacer>.elementor-widget-container>.elementor-spacer,.e-con>.elementor-widget-spacer>.elementor-widget-container>.elementor-spacer{height:100%}.e-con-inner>.elementor-widget-spacer>.elementor-widget-container>.elementor-spacer>.elementor-spacer-inner,.e-con>.elementor-widget-spacer>.elementor-widget-container>.elementor-spacer>.elementor-spacer-inner{height:var(--container-widget-height,var(--spacer-size))}.e-con-inner>.elementor-widget-spacer.elementor-widget-empty,.e-con>.elementor-widget-spacer.elementor-widget-empty{position:relative;min-height:22px;min-width:22px}.e-con-inner>.elementor-widget-spacer.elementor-widget-empty .elementor-widget-empty-icon,.e-con>.elementor-widget-spacer.elementor-widget-empty .elementor-widget-empty-icon{position:absolute;top:0;bottom:0;left:0;right:0;margin:auto;padding:0;width:22px;height:22px}<\/style>\t\t<div class=\"elementor-spacer\">\n\t\t\t<div class=\"elementor-spacer-inner\"><\/div>\n\t\t<\/div>\n\t\t\t\t<\/div>\n\t\t\t\t<\/div>\n\t\t\t\t\t<\/div>\n\t\t<\/div>\n\t\t\t\t\t<\/div>\n\t\t<\/section>\n\t\t\t\t<section class=\"elementor-section elementor-top-section elementor-element elementor-element-2177dfdf elementor-section-full_width elementor-section-height-min-height elementor-section-items-stretch elementor-section-content-middle elementor-section-height-default\" data-id=\"2177dfdf\" data-element_type=\"section\" id=\"Workshop_Learn_The_Basics\">\n\t\t\t\t\t\t<div class=\"elementor-container elementor-column-gap-no\">\n\t\t\t\t\t<div class=\"elementor-column elementor-col-50 elementor-top-column elementor-element elementor-element-8ff9d65\" data-id=\"8ff9d65\" data-element_type=\"column\" data-settings=\"{&quot;background_background&quot;:&quot;classic&quot;}\">\n\t\t\t<div class=\"elementor-widget-wrap elementor-element-populated\">\n\t\t\t\t\t\t<div class=\"elementor-element elementor-element-2fd0b78a elementor-widget elementor-widget-spacer\" data-id=\"2fd0b78a\" data-element_type=\"widget\" data-widget_type=\"spacer.default\">\n\t\t\t\t<div class=\"elementor-widget-container\">\n\t\t\t\t\t<div class=\"elementor-spacer\">\n\t\t\t<div class=\"elementor-spacer-inner\"><\/div>\n\t\t<\/div>\n\t\t\t\t<\/div>\n\t\t\t\t<\/div>\n\t\t\t\t\t<\/div>\n\t\t<\/div>\n\t\t\t\t<div class=\"elementor-column elementor-col-50 elementor-top-column elementor-element elementor-element-80e1b3\" data-id=\"80e1b3\" data-element_type=\"column\">\n\t\t\t<div class=\"elementor-widget-wrap elementor-element-populated\">\n\t\t\t\t\t\t<div class=\"elementor-element elementor-element-18480f63 elementor-widget elementor-widget-heading\" data-id=\"18480f63\" data-element_type=\"widget\" data-widget_type=\"heading.default\">\n\t\t\t\t<div class=\"elementor-widget-container\">\n\t\t\t<h2 class=\"elementor-heading-title elementor-size-default\">S\u00e9ance individuelle<\/h2>\t\t<\/div>\n\t\t\t\t<\/div>\n\t\t\t\t<div class=\"elementor-element elementor-element-2a7bb0fe elementor-icon-list--layout-inline elementor-list-item-link-full_width elementor-widget elementor-widget-icon-list\" data-id=\"2a7bb0fe\" data-element_type=\"widget\" data-widget_type=\"icon-list.default\">\n\t\t\t\t<div class=\"elementor-widget-container\">\n\t\t\t<link rel=\"stylesheet\" href=\"https:\/\/experiencecheval.fr\/wp-content\/plugins\/elementor\/assets\/css\/widget-icon-list.min.css\">\t\t<ul class=\"elementor-icon-list-items elementor-inline-items\">\n\t\t\t\t\t\t\t<li class=\"elementor-icon-list-item elementor-inline-item\">\n\t\t\t\t\t\t\t\t\t\t\t<span class=\"elementor-icon-list-icon\">\n\t\t\t\t\t\t\t<svg xmlns=\"http:\/\/www.w3.org\/2000\/svg\" id=\"b23d4742-0f9d-4cf4-82e3-adf7a8fbb92e\" data-name=\"Layer 1\" width=\"20.5\" height=\"21\" viewBox=\"0 0 20.5 21\"><path d=\"M12,0C6.201,0,0,6.201,0,12s6.201,9,12,9,8.5-5.701,8.5-11.5S17.799,0,12,0Zm4.4789,12.1437a.5.5,0,0,1-.6226.3352l-5-1.5A.5.5,0,0,1,10.5,10.5V5a.5.5,0,0,1,1,0v5.128l4.6437,1.3931A.5.5,0,0,1,16.4789,12.1437Z\" style=\"fill-rule:evenodd\"><\/path><\/svg>\t\t\t\t\t\t<\/span>\n\t\t\t\t\t\t\t\t\t\t<span class=\"elementor-icon-list-text\">Entre 45 minutes et 1 heure<\/span>\n\t\t\t\t\t\t\t\t\t<\/li>\n\t\t\t\t\t\t\t\t<li class=\"elementor-icon-list-item elementor-inline-item\">\n\t\t\t\t\t\t\t\t\t\t\t<span class=\"elementor-icon-list-icon\">\n\t\t\t\t\t\t\t<svg xmlns=\"http:\/\/www.w3.org\/2000\/svg\" id=\"a935e752-5eb7-4252-9b80-2fd12de78d24\" data-name=\"Layer 1\" width=\"21.8759\" height=\"20.0518\" viewBox=\"0 0 21.8759 20.0518\"><path d=\"M18.3355,3.4062c-3.73-4.44-9.8325-2.8413-14.2727.8888s-5.5366,8.1787-1.8066,12.6189,12.4667,5.1995,16.9069,1.47S22.0655,7.8464,18.3355,3.4062ZM15.1717,14.5a.5.5,0,0,1-.5-.5c0-.6693-.7938-2.5-3.5-2.5s-3.5,1.8307-3.5,2.5a.5.5,0,0,1-1,0,3.9232,3.9232,0,0,1,3.8169-3.4648,2.3393,2.3393,0,1,1,1.5517.0227A3.8892,3.8892,0,0,1,15.6717,14,.5.5,0,0,1,15.1717,14.5Z\" transform=\"translate(0 -0.7174)\"><\/path><path d=\"M12.6359,8.3393a1.3393,1.3393,0,1,0-1.3393,1.3393A1.3393,1.3393,0,0,0,12.6359,8.3393Z\" transform=\"translate(0 -0.7174)\"><\/path><\/svg>\t\t\t\t\t\t<\/span>\n\t\t\t\t\t\t\t\t\t\t<span class=\"elementor-icon-list-text\">1<\/span>\n\t\t\t\t\t\t\t\t\t<\/li>\n\t\t\t\t\t\t\t\t<li class=\"elementor-icon-list-item elementor-inline-item\">\n\t\t\t\t\t\t\t\t\t\t\t<span class=\"elementor-icon-list-icon\">\n\t\t\t\t\t\t\t<svg xmlns=\"http:\/\/www.w3.org\/2000\/svg\" id=\"f0f81b6f-59a6-4203-a5ce-1da61724b84d\" data-name=\"Layer 1\" width=\"21.4038\" height=\"19.9816\" viewBox=\"0 0 21.4038 19.9816\"><path d=\"M21.3344,8.3391C19.24,2.9316,11.2175-.6108,5.81,1.4838S-.3424,10.517,1.7522,15.9245s8.3864,5.8669,13.7939,3.7722S23.429,13.7466,21.3344,8.3391ZM13.2907,14.268a3.0572,3.0572,0,0,1-1.788.792v.852a.519.519,0,0,1-.144.384.4642.4642,0,0,1-.36.144.5034.5034,0,0,1-.372-.144.5461.5461,0,0,1-.132-.384v-.828a5.82,5.82,0,0,1-1.392-.288,3.5331,3.5331,0,0,1-1.128-.648.56.56,0,0,1-.228-.48.5831.5831,0,0,1,.108-.36.3545.3545,0,0,1,.288-.156.7949.7949,0,0,1,.408.156,4.1189,4.1189,0,0,0,2.328.78,2.246,2.246,0,0,0,1.368-.36,1.1892,1.1892,0,0,0,.492-1.02.8181.8181,0,0,0-.264-.636,1.7419,1.7419,0,0,0-.648-.396,9.963,9.963,0,0,0-1.068-.312,11.65,11.65,0,0,1-1.464-.456,2.4832,2.4832,0,0,1-.972-.708,1.9355,1.9355,0,0,1-.396-1.272,2.1974,2.1974,0,0,1,.696-1.644,3.0958,3.0958,0,0,1,1.86-.816v-.84a.5461.5461,0,0,1,.132-.384.5034.5034,0,0,1,.372-.144.4642.4642,0,0,1,.36.144.519.519,0,0,1,.144.384v.84a3.84,3.84,0,0,1,1.164.3,3.2774,3.2774,0,0,1,.996.624.591.591,0,0,1,.24.48.5741.5741,0,0,1-.12.36.3545.3545,0,0,1-.288.156.7949.7949,0,0,1-.408-.156,4.3669,4.3669,0,0,0-.984-.588,2.8981,2.8981,0,0,0-1.104-.192,2.0888,2.0888,0,0,0-1.32.384,1.2536,1.2536,0,0,0-.492,1.044.9738.9738,0,0,0,.276.72,1.923,1.923,0,0,0,.684.432,11.4624,11.4624,0,0,0,1.116.312,9.7351,9.7351,0,0,1,1.416.444,2.3189,2.3189,0,0,1,.924.672,1.7907,1.7907,0,0,1,.384,1.212A2.1118,2.1118,0,0,1,13.2907,14.268Z\" transform=\"translate(-0.6716 -0.8733)\" style=\"fill-rule:evenodd\"><\/path><\/svg>\t\t\t\t\t\t<\/span>\n\t\t\t\t\t\t\t\t\t\t<span class=\"elementor-icon-list-text\">80 euros par participant<\/span>\n\t\t\t\t\t\t\t\t\t<\/li>\n\t\t\t\t\t\t<\/ul>\n\t\t\t\t<\/div>\n\t\t\t\t<\/div>\n\t\t\t\t<div class=\"elementor-element elementor-element-7f5bd40f elementor-widget elementor-widget-text-editor\" data-id=\"7f5bd40f\" data-element_type=\"widget\" data-widget_type=\"text-editor.default\">\n\t\t\t\t<div class=\"elementor-widget-container\">\n\t\t\t<style>\/*! elementor - v3.23.0 - 15-07-2024 *\/\n.elementor-widget-text-editor.elementor-drop-cap-view-stacked .elementor-drop-cap{background-color:#69727d;color:#fff}.elementor-widget-text-editor.elementor-drop-cap-view-framed .elementor-drop-cap{color:#69727d;border:3px solid;background-color:transparent}.elementor-widget-text-editor:not(.elementor-drop-cap-view-default) .elementor-drop-cap{margin-top:8px}.elementor-widget-text-editor:not(.elementor-drop-cap-view-default) .elementor-drop-cap-letter{width:1em;height:1em}.elementor-widget-text-editor .elementor-drop-cap{float:left;text-align:center;line-height:1;font-size:50px}.elementor-widget-text-editor .elementor-drop-cap-letter{display:inline-block}<\/style>\t\t\t\t<p>Accueil, pr\u00e9sentation des chevaux, entretien au pr\u00e9alable sur les attentes du coacher.<br \/>Choix d\u2019un exercice par l\u2019equicoach, explication de l\u2019exercice et visualisation du dit exercice, r\u00e9alisation<br \/>de l\u2019exercice par le coacher, restitution de la s\u00e9ance.<\/p>\t\t\t\t\t\t<\/div>\n\t\t\t\t<\/div>\n\t\t\t\t\t<\/div>\n\t\t<\/div>\n\t\t\t\t\t<\/div>\n\t\t<\/section>\n\t\t\t\t<section class=\"elementor-section elementor-top-section elementor-element elementor-element-29027629 elementor-section-full_width elementor-section-height-min-height elementor-section-items-stretch elementor-section-content-middle elementor-section-height-default\" data-id=\"29027629\" data-element_type=\"section\" id=\"Workshop_Master_The_Basics\">\n\t\t\t\t\t\t<div class=\"elementor-container elementor-column-gap-no\">\n\t\t\t\t\t<div class=\"elementor-column elementor-col-50 elementor-top-column elementor-element elementor-element-6f1962c0\" data-id=\"6f1962c0\" data-element_type=\"column\" data-settings=\"{&quot;background_background&quot;:&quot;classic&quot;}\">\n\t\t\t<div class=\"elementor-widget-wrap elementor-element-populated\">\n\t\t\t\t\t\t<div class=\"elementor-element elementor-element-42505895 elementor-widget elementor-widget-spacer\" data-id=\"42505895\" data-element_type=\"widget\" data-widget_type=\"spacer.default\">\n\t\t\t\t<div class=\"elementor-widget-container\">\n\t\t\t\t\t<div class=\"elementor-spacer\">\n\t\t\t<div class=\"elementor-spacer-inner\"><\/div>\n\t\t<\/div>\n\t\t\t\t<\/div>\n\t\t\t\t<\/div>\n\t\t\t\t\t<\/div>\n\t\t<\/div>\n\t\t\t\t<div class=\"elementor-column elementor-col-50 elementor-top-column elementor-element elementor-element-43b04086\" data-id=\"43b04086\" data-element_type=\"column\">\n\t\t\t<div class=\"elementor-widget-wrap elementor-element-populated\">\n\t\t\t\t\t\t<div class=\"elementor-element elementor-element-40866823 elementor-widget elementor-widget-heading\" data-id=\"40866823\" data-element_type=\"widget\" data-widget_type=\"heading.default\">\n\t\t\t\t<div class=\"elementor-widget-container\">\n\t\t\t<h2 class=\"elementor-heading-title elementor-size-default\">S\u00e9ance collective<\/h2>\t\t<\/div>\n\t\t\t\t<\/div>\n\t\t\t\t<div class=\"elementor-element elementor-element-5619d2c0 elementor-icon-list--layout-inline elementor-list-item-link-full_width elementor-widget elementor-widget-icon-list\" data-id=\"5619d2c0\" data-element_type=\"widget\" data-widget_type=\"icon-list.default\">\n\t\t\t\t<div class=\"elementor-widget-container\">\n\t\t\t\t\t<ul class=\"elementor-icon-list-items elementor-inline-items\">\n\t\t\t\t\t\t\t<li class=\"elementor-icon-list-item elementor-inline-item\">\n\t\t\t\t\t\t\t\t\t\t\t<span class=\"elementor-icon-list-icon\">\n\t\t\t\t\t\t\t<svg xmlns=\"http:\/\/www.w3.org\/2000\/svg\" id=\"b23d4742-0f9d-4cf4-82e3-adf7a8fbb92e\" data-name=\"Layer 1\" width=\"20.5\" height=\"21\" viewBox=\"0 0 20.5 21\"><path d=\"M12,0C6.201,0,0,6.201,0,12s6.201,9,12,9,8.5-5.701,8.5-11.5S17.799,0,12,0Zm4.4789,12.1437a.5.5,0,0,1-.6226.3352l-5-1.5A.5.5,0,0,1,10.5,10.5V5a.5.5,0,0,1,1,0v5.128l4.6437,1.3931A.5.5,0,0,1,16.4789,12.1437Z\" style=\"fill-rule:evenodd\"><\/path><\/svg>\t\t\t\t\t\t<\/span>\n\t\t\t\t\t\t\t\t\t\t<span class=\"elementor-icon-list-text\">1\/2 journ\u00e9e<\/span>\n\t\t\t\t\t\t\t\t\t<\/li>\n\t\t\t\t\t\t\t\t<li class=\"elementor-icon-list-item elementor-inline-item\">\n\t\t\t\t\t\t\t\t\t\t\t<span class=\"elementor-icon-list-icon\">\n\t\t\t\t\t\t\t<svg xmlns=\"http:\/\/www.w3.org\/2000\/svg\" id=\"a935e752-5eb7-4252-9b80-2fd12de78d24\" data-name=\"Layer 1\" width=\"21.8759\" height=\"20.0518\" viewBox=\"0 0 21.8759 20.0518\"><path d=\"M18.3355,3.4062c-3.73-4.44-9.8325-2.8413-14.2727.8888s-5.5366,8.1787-1.8066,12.6189,12.4667,5.1995,16.9069,1.47S22.0655,7.8464,18.3355,3.4062ZM15.1717,14.5a.5.5,0,0,1-.5-.5c0-.6693-.7938-2.5-3.5-2.5s-3.5,1.8307-3.5,2.5a.5.5,0,0,1-1,0,3.9232,3.9232,0,0,1,3.8169-3.4648,2.3393,2.3393,0,1,1,1.5517.0227A3.8892,3.8892,0,0,1,15.6717,14,.5.5,0,0,1,15.1717,14.5Z\" transform=\"translate(0 -0.7174)\"><\/path><path d=\"M12.6359,8.3393a1.3393,1.3393,0,1,0-1.3393,1.3393A1.3393,1.3393,0,0,0,12.6359,8.3393Z\" transform=\"translate(0 -0.7174)\"><\/path><\/svg>\t\t\t\t\t\t<\/span>\n\t\t\t\t\t\t\t\t\t\t<span class=\"elementor-icon-list-text\">Maximum \u00e0 d\u00e9finir<\/span>\n\t\t\t\t\t\t\t\t\t<\/li>\n\t\t\t\t\t\t\t\t<li class=\"elementor-icon-list-item elementor-inline-item\">\n\t\t\t\t\t\t\t\t\t\t\t<span class=\"elementor-icon-list-icon\">\n\t\t\t\t\t\t\t<svg xmlns=\"http:\/\/www.w3.org\/2000\/svg\" id=\"f0f81b6f-59a6-4203-a5ce-1da61724b84d\" data-name=\"Layer 1\" width=\"21.4038\" height=\"19.9816\" viewBox=\"0 0 21.4038 19.9816\"><path d=\"M21.3344,8.3391C19.24,2.9316,11.2175-.6108,5.81,1.4838S-.3424,10.517,1.7522,15.9245s8.3864,5.8669,13.7939,3.7722S23.429,13.7466,21.3344,8.3391ZM13.2907,14.268a3.0572,3.0572,0,0,1-1.788.792v.852a.519.519,0,0,1-.144.384.4642.4642,0,0,1-.36.144.5034.5034,0,0,1-.372-.144.5461.5461,0,0,1-.132-.384v-.828a5.82,5.82,0,0,1-1.392-.288,3.5331,3.5331,0,0,1-1.128-.648.56.56,0,0,1-.228-.48.5831.5831,0,0,1,.108-.36.3545.3545,0,0,1,.288-.156.7949.7949,0,0,1,.408.156,4.1189,4.1189,0,0,0,2.328.78,2.246,2.246,0,0,0,1.368-.36,1.1892,1.1892,0,0,0,.492-1.02.8181.8181,0,0,0-.264-.636,1.7419,1.7419,0,0,0-.648-.396,9.963,9.963,0,0,0-1.068-.312,11.65,11.65,0,0,1-1.464-.456,2.4832,2.4832,0,0,1-.972-.708,1.9355,1.9355,0,0,1-.396-1.272,2.1974,2.1974,0,0,1,.696-1.644,3.0958,3.0958,0,0,1,1.86-.816v-.84a.5461.5461,0,0,1,.132-.384.5034.5034,0,0,1,.372-.144.4642.4642,0,0,1,.36.144.519.519,0,0,1,.144.384v.84a3.84,3.84,0,0,1,1.164.3,3.2774,3.2774,0,0,1,.996.624.591.591,0,0,1,.24.48.5741.5741,0,0,1-.12.36.3545.3545,0,0,1-.288.156.7949.7949,0,0,1-.408-.156,4.3669,4.3669,0,0,0-.984-.588,2.8981,2.8981,0,0,0-1.104-.192,2.0888,2.0888,0,0,0-1.32.384,1.2536,1.2536,0,0,0-.492,1.044.9738.9738,0,0,0,.276.72,1.923,1.923,0,0,0,.684.432,11.4624,11.4624,0,0,0,1.116.312,9.7351,9.7351,0,0,1,1.416.444,2.3189,2.3189,0,0,1,.924.672,1.7907,1.7907,0,0,1,.384,1.212A2.1118,2.1118,0,0,1,13.2907,14.268Z\" transform=\"translate(-0.6716 -0.8733)\" style=\"fill-rule:evenodd\"><\/path><\/svg>\t\t\t\t\t\t<\/span>\n\t\t\t\t\t\t\t\t\t\t<span class=\"elementor-icon-list-text\">350 euros<\/span>\n\t\t\t\t\t\t\t\t\t<\/li>\n\t\t\t\t\t\t<\/ul>\n\t\t\t\t<\/div>\n\t\t\t\t<\/div>\n\t\t\t\t<div class=\"elementor-element elementor-element-a441b29 elementor-widget elementor-widget-text-editor\" data-id=\"a441b29\" data-element_type=\"widget\" data-widget_type=\"text-editor.default\">\n\t\t\t\t<div class=\"elementor-widget-container\">\n\t\t\t\t\t\t\t<p>Accueil, pr\u00e9sentation des chevaux, entretien collectif sur les objectifs de\u00a0l\u2019\u00e9quipe, choix d\u2019un ou des exercices, d\u00e9monstration de l\u2019exercice ou des exercices, r\u00e9alisation de\u00a0l\u2019exercice ou des exercices par l\u2019\u00e9quipe, restitution en groupe de la s\u00e9ance.<\/p>\t\t\t\t\t\t<\/div>\n\t\t\t\t<\/div>\n\t\t\t\t\t<\/div>\n\t\t<\/div>\n\t\t\t\t\t<\/div>\n\t\t<\/section>\n\t\t\t\t<\/div>\n\t\t","protected":false},"excerpt":{"rendered":"<p>Les s\u00e9ances S\u00e9ance individuelle Entre 45 minutes et 1 heure 1 80 euros par participant Accueil, pr\u00e9sentation des chevaux, entretien au pr\u00e9alable sur les attentes &hellip; <\/p>\n","protected":false},"author":1,"featured_media":0,"parent":0,"menu_order":0,"comment_status":"closed","ping_status":"closed","template":"elementor_header_footer","meta":{"footnotes":""},"yoast_head":"<!-- This site is optimized with the Yoast SEO plugin v23.0 - https:\/\/yoast.com\/wordpress\/plugins\/seo\/ -->\n<title>Agenda - Experiencecheval<\/title>\n<meta name=\"robots\" content=\"index, follow, max-snippet:-1, max-image-preview:large, max-video-preview:-1\" \/>\n<link rel=\"canonical\" href=\"https:\/\/experiencecheval.fr\/index.php\/workshops\/\" \/>\n<meta property=\"og:locale\" content=\"fr_FR\" \/>\n<meta property=\"og:type\" content=\"article\" \/>\n<meta property=\"og:title\" content=\"Agenda - Experiencecheval\" \/>\n<meta property=\"og:description\" content=\"Les s\u00e9ances S\u00e9ance individuelle Entre 45 minutes et 1 heure 1 80 euros par participant Accueil, pr\u00e9sentation des chevaux, entretien au pr\u00e9alable sur les attentes &hellip;\" \/>\n<meta property=\"og:url\" content=\"https:\/\/experiencecheval.fr\/index.php\/workshops\/\" \/>\n<meta property=\"og:site_name\" content=\"Experiencecheval\" \/>\n<meta property=\"article:modified_time\" content=\"2024-08-19T13:15:49+00:00\" \/>\n<meta name=\"twitter:card\" content=\"summary_large_image\" \/>\n<meta name=\"twitter:label1\" content=\"Dur\u00e9e de lecture estim\u00e9e\" \/>\n\t<meta name=\"twitter:data1\" content=\"1 minute\" \/>\n<script type=\"application\/ld+json\" class=\"yoast-schema-graph\">{\"@context\":\"https:\/\/schema.org\",\"@graph\":[{\"@type\":\"WebPage\",\"@id\":\"https:\/\/experiencecheval.fr\/index.php\/workshops\/\",\"url\":\"https:\/\/experiencecheval.fr\/index.php\/workshops\/\",\"name\":\"Agenda - Experiencecheval\",\"isPartOf\":{\"@id\":\"https:\/\/experiencecheval.fr\/#website\"},\"datePublished\":\"2023-09-10T14:12:10+00:00\",\"dateModified\":\"2024-08-19T13:15:49+00:00\",\"breadcrumb\":{\"@id\":\"https:\/\/experiencecheval.fr\/index.php\/workshops\/#breadcrumb\"},\"inLanguage\":\"fr-FR\",\"potentialAction\":[{\"@type\":\"ReadAction\",\"target\":[\"https:\/\/experiencecheval.fr\/index.php\/workshops\/\"]}]},{\"@type\":\"BreadcrumbList\",\"@id\":\"https:\/\/experiencecheval.fr\/index.php\/workshops\/#breadcrumb\",\"itemListElement\":[{\"@type\":\"ListItem\",\"position\":1,\"name\":\"Accueil\",\"item\":\"https:\/\/experiencecheval.fr\/\"},{\"@type\":\"ListItem\",\"position\":2,\"name\":\"Agenda\"}]},{\"@type\":\"WebSite\",\"@id\":\"https:\/\/experiencecheval.fr\/#website\",\"url\":\"https:\/\/experiencecheval.fr\/\",\"name\":\"Experiencecheval\",\"description\":\"\",\"publisher\":{\"@id\":\"https:\/\/experiencecheval.fr\/#organization\"},\"potentialAction\":[{\"@type\":\"SearchAction\",\"target\":{\"@type\":\"EntryPoint\",\"urlTemplate\":\"https:\/\/experiencecheval.fr\/?s={search_term_string}\"},\"query-input\":\"required name=search_term_string\"}],\"inLanguage\":\"fr-FR\"},{\"@type\":\"Organization\",\"@id\":\"https:\/\/experiencecheval.fr\/#organization\",\"name\":\"Experiencecheval\",\"url\":\"https:\/\/experiencecheval.fr\/\",\"logo\":{\"@type\":\"ImageObject\",\"inLanguage\":\"fr-FR\",\"@id\":\"https:\/\/experiencecheval.fr\/#\/schema\/logo\/image\/\",\"url\":\"https:\/\/experiencecheval.fr\/wp-content\/uploads\/2023\/09\/cropped-Black-and-White-Minimal-Monogram-Logo-7.png\",\"contentUrl\":\"https:\/\/experiencecheval.fr\/wp-content\/uploads\/2023\/09\/cropped-Black-and-White-Minimal-Monogram-Logo-7.png\",\"width\":512,\"height\":512,\"caption\":\"Experiencecheval\"},\"image\":{\"@id\":\"https:\/\/experiencecheval.fr\/#\/schema\/logo\/image\/\"}}]}<\/script>\n<!-- \/ Yoast SEO plugin. -->","yoast_head_json":{"title":"Agenda - Experiencecheval","robots":{"index":"index","follow":"follow","max-snippet":"max-snippet:-1","max-image-preview":"max-image-preview:large","max-video-preview":"max-video-preview:-1"},"canonical":"https:\/\/experiencecheval.fr\/index.php\/workshops\/","og_locale":"fr_FR","og_type":"article","og_title":"Agenda - Experiencecheval","og_description":"Les s\u00e9ances S\u00e9ance individuelle Entre 45 minutes et 1 heure 1 80 euros par participant Accueil, pr\u00e9sentation des chevaux, entretien au pr\u00e9alable sur les attentes &hellip;","og_url":"https:\/\/experiencecheval.fr\/index.php\/workshops\/","og_site_name":"Experiencecheval","article_modified_time":"2024-08-19T13:15:49+00:00","twitter_card":"summary_large_image","twitter_misc":{"Dur\u00e9e de lecture estim\u00e9e":"1 minute"},"schema":{"@context":"https:\/\/schema.org","@graph":[{"@type":"WebPage","@id":"https:\/\/experiencecheval.fr\/index.php\/workshops\/","url":"https:\/\/experiencecheval.fr\/index.php\/workshops\/","name":"Agenda - Experiencecheval","isPartOf":{"@id":"https:\/\/experiencecheval.fr\/#website"},"datePublished":"2023-09-10T14:12:10+00:00","dateModified":"2024-08-19T13:15:49+00:00","breadcrumb":{"@id":"https:\/\/experiencecheval.fr\/index.php\/workshops\/#breadcrumb"},"inLanguage":"fr-FR","potentialAction":[{"@type":"ReadAction","target":["https:\/\/experiencecheval.fr\/index.php\/workshops\/"]}]},{"@type":"BreadcrumbList","@id":"https:\/\/experiencecheval.fr\/index.php\/workshops\/#breadcrumb","itemListElement":[{"@type":"ListItem","position":1,"name":"Accueil","item":"https:\/\/experiencecheval.fr\/"},{"@type":"ListItem","position":2,"name":"Agenda"}]},{"@type":"WebSite","@id":"https:\/\/experiencecheval.fr\/#website","url":"https:\/\/experiencecheval.fr\/","name":"Experiencecheval","description":"","publisher":{"@id":"https:\/\/experiencecheval.fr\/#organization"},"potentialAction":[{"@type":"SearchAction","target":{"@type":"EntryPoint","urlTemplate":"https:\/\/experiencecheval.fr\/?s={search_term_string}"},"query-input":"required name=search_term_string"}],"inLanguage":"fr-FR"},{"@type":"Organization","@id":"https:\/\/experiencecheval.fr\/#organization","name":"Experiencecheval","url":"https:\/\/experiencecheval.fr\/","logo":{"@type":"ImageObject","inLanguage":"fr-FR","@id":"https:\/\/experiencecheval.fr\/#\/schema\/logo\/image\/","url":"https:\/\/experiencecheval.fr\/wp-content\/uploads\/2023\/09\/cropped-Black-and-White-Minimal-Monogram-Logo-7.png","contentUrl":"https:\/\/experiencecheval.fr\/wp-content\/uploads\/2023\/09\/cropped-Black-and-White-Minimal-Monogram-Logo-7.png","width":512,"height":512,"caption":"Experiencecheval"},"image":{"@id":"https:\/\/experiencecheval.fr\/#\/schema\/logo\/image\/"}}]}},"_links":{"self":[{"href":"https:\/\/experiencecheval.fr\/index.php\/wp-json\/wp\/v2\/pages\/114"}],"collection":[{"href":"https:\/\/experiencecheval.fr\/index.php\/wp-json\/wp\/v2\/pages"}],"about":[{"href":"https:\/\/experiencecheval.fr\/index.php\/wp-json\/wp\/v2\/types\/page"}],"author":[{"embeddable":true,"href":"https:\/\/experiencecheval.fr\/index.php\/wp-json\/wp\/v2\/users\/1"}],"replies":[{"embeddable":true,"href":"https:\/\/experiencecheval.fr\/index.php\/wp-json\/wp\/v2\/comments?post=114"}],"version-history":[{"count":44,"href":"https:\/\/experiencecheval.fr\/index.php\/wp-json\/wp\/v2\/pages\/114\/revisions"}],"predecessor-version":[{"id":636,"href":"https:\/\/experiencecheval.fr\/index.php\/wp-json\/wp\/v2\/pages\/114\/revisions\/636"}],"wp:attachment":[{"href":"https:\/\/experiencecheval.fr\/index.php\/wp-json\/wp\/v2\/media?parent=114"}],"curies":[{"name":"wp","href":"https:\/\/api.w.org\/{rel}","templated":true}]}}