{"id":223,"date":"2023-09-10T17:44:17","date_gmt":"2023-09-10T15:44:17","guid":{"rendered":"https:\/\/experiencecheval.fr\/?page_id=223"},"modified":"2023-11-07T20:26:50","modified_gmt":"2023-11-07T19:26:50","slug":"les-soft-skills","status":"publish","type":"page","link":"https:\/\/experiencecheval.fr\/index.php\/les-soft-skills\/","title":{"rendered":"Les soft skills"},"content":{"rendered":"\t\t<div data-elementor-type=\"wp-page\" data-elementor-id=\"223\" class=\"elementor elementor-223\">\n\t\t\t\t\t\t<section class=\"elementor-section elementor-top-section elementor-element elementor-element-2f2a9a1e elementor-section-full_width elementor-section-content-middle elementor-section-height-default elementor-section-height-default\" data-id=\"2f2a9a1e\" data-element_type=\"section\">\n\t\t\t\t\t\t<div class=\"elementor-container elementor-column-gap-no\">\n\t\t\t\t\t<div class=\"elementor-column elementor-col-50 elementor-top-column elementor-element elementor-element-284e2238\" data-id=\"284e2238\" data-element_type=\"column\" data-settings=\"{&quot;background_background&quot;:&quot;classic&quot;}\">\n\t\t\t<div class=\"elementor-widget-wrap elementor-element-populated\">\n\t\t\t\t\t<div class=\"elementor-background-overlay\"><\/div>\n\t\t\t\t\t\t\t<\/div>\n\t\t<\/div>\n\t\t\t\t<div class=\"elementor-column elementor-col-50 elementor-top-column elementor-element elementor-element-443b5e25\" data-id=\"443b5e25\" data-element_type=\"column\">\n\t\t\t<div class=\"elementor-widget-wrap elementor-element-populated\">\n\t\t\t\t\t\t<div class=\"elementor-element elementor-element-74887a5b elementor-widget elementor-widget-text-editor\" data-id=\"74887a5b\" data-element_type=\"widget\" data-widget_type=\"text-editor.default\">\n\t\t\t\t<div class=\"elementor-widget-container\">\n\t\t\t<style>\/*! elementor - v3.23.0 - 15-07-2024 *\/\n.elementor-widget-text-editor.elementor-drop-cap-view-stacked .elementor-drop-cap{background-color:#69727d;color:#fff}.elementor-widget-text-editor.elementor-drop-cap-view-framed .elementor-drop-cap{color:#69727d;border:3px solid;background-color:transparent}.elementor-widget-text-editor:not(.elementor-drop-cap-view-default) .elementor-drop-cap{margin-top:8px}.elementor-widget-text-editor:not(.elementor-drop-cap-view-default) .elementor-drop-cap-letter{width:1em;height:1em}.elementor-widget-text-editor .elementor-drop-cap{float:left;text-align:center;line-height:1;font-size:50px}.elementor-widget-text-editor .elementor-drop-cap-letter{display:inline-block}<\/style>\t\t\t\t<p>Il n\u2019existe pas de d\u00e9finition ou de traduction unique pour les soft skills. Le dictionnaire d\u2019Oxford\u00a0les d\u00e9signe comme des \u00ab\u00a0attributs personnels qui permettent \u00e0 quelqu\u2019un d\u2019interagir efficacement et harmonieusement avec d\u2019autres personnes.\u00bb Par d\u00e9finition, les soft skills s\u2019opposent donc aux hard skills, les comp\u00e9tences purement techniques et acad\u00e9miques.<\/p>\t\t\t\t\t\t<\/div>\n\t\t\t\t<\/div>\n\t\t\t\t<div class=\"elementor-element elementor-element-4b55ea3c elementor-widget elementor-widget-text-editor\" data-id=\"4b55ea3c\" data-element_type=\"widget\" data-widget_type=\"text-editor.default\">\n\t\t\t\t<div class=\"elementor-widget-container\">\n\t\t\t\t\t\t\t<p>Les savoirs \u00eatre professionnels sont<br \/>un ensemble de qualit\u00e9s personnelles et comportementales qui refl\u00e8tent la mani\u00e8re dont<br \/>vous vous comportez dans un environnement professionnel. Par exemple, la politesse, le<br \/>respect, la convivialit\u00e9, l\u2019esprit d\u2019\u00e9quipe, la capacit\u00e9 d\u2019adaptation, la ma\u00eetrise de vos<br \/>\u00e9motions, etc. Ces qualit\u00e9s sont aussi appel\u00e9es soft skills ou comp\u00e9tences douces, et<br \/>elles sont de plus en plus recherch\u00e9es par les employeurs. Elles peuvent vous aider \u00e0 vous<br \/>d\u00e9marquer des autres candidats et \u00e0 \u00eatre plus efficace au travail.<br \/>Voici quelques exemples de savoirs \u00eatre professionnels :<br \/>&#8211; Savoir communiquer : \u00eatre capable d\u2019\u00e9couter, de s\u2019exprimer clairement, de<br \/>transmettre des informations, de n\u00e9gocier, de convaincre, etc.<br \/>&#8211; \u00a0Savoir travailler en \u00e9quipe : \u00eatre capable de coop\u00e9rer, de partager, de s\u2019entraider, de<br \/>respecter les r\u00e8gles, de g\u00e9rer les conflits, etc.<br \/>&#8211; \u00a0Savoir s\u2019organiser : \u00eatre capable de planifier, de prioriser, de respecter les d\u00e9lais, de<br \/>g\u00e9rer son temps, etc.<br \/>&#8211; \u00a0Savoir innover : \u00eatre capable de proposer des id\u00e9es nouvelles, de r\u00e9soudre des\u00a0probl\u00e8mes, de s\u2019adapter aux changements, etc.<br \/>&#8211; Savoir apprendre : \u00eatre capable de se former, de se remettre en question, d\u2019am\u00e9liorer ses<br \/>comp\u00e9tences, etc<\/p>\t\t\t\t\t\t<\/div>\n\t\t\t\t<\/div>\n\t\t\t\t<div class=\"elementor-element elementor-element-4e0fbb44 elementor-widget elementor-widget-text-editor\" data-id=\"4e0fbb44\" data-element_type=\"widget\" data-widget_type=\"text-editor.default\">\n\t\t\t\t<div class=\"elementor-widget-container\">\n\t\t\t\t\t\t\t<p>Les softs skills\u00a0:<br \/><strong>Dimension collective<\/strong><br \/>&#8211; \u00a0Leadership<br \/>&#8211; \u00catre \u00e0 l\u2019\u00e9coute<br \/>&#8211; \u00a0Travailler en \u00e9quipe<br \/>&#8211; \u00a0Respecter ses engagements<\/p><p>\u00a0<strong>Dimension environnementale<\/strong><br \/>&#8211; \u00a0R\u00e9activit\u00e9<br \/>&#8211; \u00a0Organiser son travail, ses priorit\u00e9s\u2026<br \/>&#8211; \u00a0S\u2019adapter aux changements<br \/>&#8211; \u00a0G\u00e9rer son stress<br \/>&#8211; \u00a0Sens du service<br \/><strong>Dimension individuelle<\/strong><br \/>&#8211; \u00a0Autonomie<br \/>&#8211; \u00a0Curiosit\u00e9<br \/>&#8211; \u00a0Prendre des initiatives\u2026<br \/>&#8211; \u00a0Pers\u00e9v\u00e9rance<br \/>&#8211; \u00a0Rigueur et Pr\u00e9cision<br \/>&#8211; \u00a0Inspirer, donner du sens<\/p><p>&#8211; Cr\u00e9ativit\u00e9 et inventivit\u00e9<\/p>\t\t\t\t\t\t<\/div>\n\t\t\t\t<\/div>\n\t\t\t\t\t<\/div>\n\t\t<\/div>\n\t\t\t\t\t<\/div>\n\t\t<\/section>\n\t\t\t\t<\/div>\n\t\t","protected":false},"excerpt":{"rendered":"<p>Il n\u2019existe pas de d\u00e9finition ou de traduction unique pour les soft skills. Le dictionnaire d\u2019Oxford\u00a0les d\u00e9signe comme des \u00ab\u00a0attributs personnels qui permettent \u00e0 quelqu\u2019un &hellip; <\/p>\n","protected":false},"author":1,"featured_media":0,"parent":0,"menu_order":0,"comment_status":"closed","ping_status":"closed","template":"","meta":{"footnotes":""},"yoast_head":"<!-- This site is optimized with the Yoast SEO plugin v23.0 - https:\/\/yoast.com\/wordpress\/plugins\/seo\/ -->\n<title>Les soft skills - Experiencecheval<\/title>\n<meta name=\"robots\" content=\"index, follow, max-snippet:-1, max-image-preview:large, max-video-preview:-1\" \/>\n<link rel=\"canonical\" href=\"https:\/\/experiencecheval.fr\/index.php\/les-soft-skills\/\" \/>\n<meta property=\"og:locale\" content=\"fr_FR\" \/>\n<meta property=\"og:type\" content=\"article\" \/>\n<meta property=\"og:title\" content=\"Les soft skills - Experiencecheval\" \/>\n<meta property=\"og:description\" content=\"Il n\u2019existe pas de d\u00e9finition ou de traduction unique pour les soft skills. Le dictionnaire d\u2019Oxford\u00a0les d\u00e9signe comme des \u00ab\u00a0attributs personnels qui permettent \u00e0 quelqu\u2019un &hellip;\" \/>\n<meta property=\"og:url\" content=\"https:\/\/experiencecheval.fr\/index.php\/les-soft-skills\/\" \/>\n<meta property=\"og:site_name\" content=\"Experiencecheval\" \/>\n<meta property=\"article:modified_time\" content=\"2023-11-07T19:26:50+00:00\" \/>\n<meta name=\"twitter:card\" content=\"summary_large_image\" \/>\n<meta name=\"twitter:label1\" content=\"Dur\u00e9e de lecture estim\u00e9e\" \/>\n\t<meta name=\"twitter:data1\" content=\"2 minutes\" \/>\n<script type=\"application\/ld+json\" class=\"yoast-schema-graph\">{\"@context\":\"https:\/\/schema.org\",\"@graph\":[{\"@type\":\"WebPage\",\"@id\":\"https:\/\/experiencecheval.fr\/index.php\/les-soft-skills\/\",\"url\":\"https:\/\/experiencecheval.fr\/index.php\/les-soft-skills\/\",\"name\":\"Les soft skills - Experiencecheval\",\"isPartOf\":{\"@id\":\"https:\/\/experiencecheval.fr\/#website\"},\"datePublished\":\"2023-09-10T15:44:17+00:00\",\"dateModified\":\"2023-11-07T19:26:50+00:00\",\"breadcrumb\":{\"@id\":\"https:\/\/experiencecheval.fr\/index.php\/les-soft-skills\/#breadcrumb\"},\"inLanguage\":\"fr-FR\",\"potentialAction\":[{\"@type\":\"ReadAction\",\"target\":[\"https:\/\/experiencecheval.fr\/index.php\/les-soft-skills\/\"]}]},{\"@type\":\"BreadcrumbList\",\"@id\":\"https:\/\/experiencecheval.fr\/index.php\/les-soft-skills\/#breadcrumb\",\"itemListElement\":[{\"@type\":\"ListItem\",\"position\":1,\"name\":\"Accueil\",\"item\":\"https:\/\/experiencecheval.fr\/\"},{\"@type\":\"ListItem\",\"position\":2,\"name\":\"Les soft skills\"}]},{\"@type\":\"WebSite\",\"@id\":\"https:\/\/experiencecheval.fr\/#website\",\"url\":\"https:\/\/experiencecheval.fr\/\",\"name\":\"Experiencecheval\",\"description\":\"\",\"publisher\":{\"@id\":\"https:\/\/experiencecheval.fr\/#organization\"},\"potentialAction\":[{\"@type\":\"SearchAction\",\"target\":{\"@type\":\"EntryPoint\",\"urlTemplate\":\"https:\/\/experiencecheval.fr\/?s={search_term_string}\"},\"query-input\":\"required name=search_term_string\"}],\"inLanguage\":\"fr-FR\"},{\"@type\":\"Organization\",\"@id\":\"https:\/\/experiencecheval.fr\/#organization\",\"name\":\"Experiencecheval\",\"url\":\"https:\/\/experiencecheval.fr\/\",\"logo\":{\"@type\":\"ImageObject\",\"inLanguage\":\"fr-FR\",\"@id\":\"https:\/\/experiencecheval.fr\/#\/schema\/logo\/image\/\",\"url\":\"https:\/\/experiencecheval.fr\/wp-content\/uploads\/2023\/09\/cropped-Black-and-White-Minimal-Monogram-Logo-7.png\",\"contentUrl\":\"https:\/\/experiencecheval.fr\/wp-content\/uploads\/2023\/09\/cropped-Black-and-White-Minimal-Monogram-Logo-7.png\",\"width\":512,\"height\":512,\"caption\":\"Experiencecheval\"},\"image\":{\"@id\":\"https:\/\/experiencecheval.fr\/#\/schema\/logo\/image\/\"}}]}<\/script>\n<!-- \/ Yoast SEO plugin. -->","yoast_head_json":{"title":"Les soft skills - Experiencecheval","robots":{"index":"index","follow":"follow","max-snippet":"max-snippet:-1","max-image-preview":"max-image-preview:large","max-video-preview":"max-video-preview:-1"},"canonical":"https:\/\/experiencecheval.fr\/index.php\/les-soft-skills\/","og_locale":"fr_FR","og_type":"article","og_title":"Les soft skills - Experiencecheval","og_description":"Il n\u2019existe pas de d\u00e9finition ou de traduction unique pour les soft skills. Le dictionnaire d\u2019Oxford\u00a0les d\u00e9signe comme des \u00ab\u00a0attributs personnels qui permettent \u00e0 quelqu\u2019un &hellip;","og_url":"https:\/\/experiencecheval.fr\/index.php\/les-soft-skills\/","og_site_name":"Experiencecheval","article_modified_time":"2023-11-07T19:26:50+00:00","twitter_card":"summary_large_image","twitter_misc":{"Dur\u00e9e de lecture estim\u00e9e":"2 minutes"},"schema":{"@context":"https:\/\/schema.org","@graph":[{"@type":"WebPage","@id":"https:\/\/experiencecheval.fr\/index.php\/les-soft-skills\/","url":"https:\/\/experiencecheval.fr\/index.php\/les-soft-skills\/","name":"Les soft skills - Experiencecheval","isPartOf":{"@id":"https:\/\/experiencecheval.fr\/#website"},"datePublished":"2023-09-10T15:44:17+00:00","dateModified":"2023-11-07T19:26:50+00:00","breadcrumb":{"@id":"https:\/\/experiencecheval.fr\/index.php\/les-soft-skills\/#breadcrumb"},"inLanguage":"fr-FR","potentialAction":[{"@type":"ReadAction","target":["https:\/\/experiencecheval.fr\/index.php\/les-soft-skills\/"]}]},{"@type":"BreadcrumbList","@id":"https:\/\/experiencecheval.fr\/index.php\/les-soft-skills\/#breadcrumb","itemListElement":[{"@type":"ListItem","position":1,"name":"Accueil","item":"https:\/\/experiencecheval.fr\/"},{"@type":"ListItem","position":2,"name":"Les soft skills"}]},{"@type":"WebSite","@id":"https:\/\/experiencecheval.fr\/#website","url":"https:\/\/experiencecheval.fr\/","name":"Experiencecheval","description":"","publisher":{"@id":"https:\/\/experiencecheval.fr\/#organization"},"potentialAction":[{"@type":"SearchAction","target":{"@type":"EntryPoint","urlTemplate":"https:\/\/experiencecheval.fr\/?s={search_term_string}"},"query-input":"required name=search_term_string"}],"inLanguage":"fr-FR"},{"@type":"Organization","@id":"https:\/\/experiencecheval.fr\/#organization","name":"Experiencecheval","url":"https:\/\/experiencecheval.fr\/","logo":{"@type":"ImageObject","inLanguage":"fr-FR","@id":"https:\/\/experiencecheval.fr\/#\/schema\/logo\/image\/","url":"https:\/\/experiencecheval.fr\/wp-content\/uploads\/2023\/09\/cropped-Black-and-White-Minimal-Monogram-Logo-7.png","contentUrl":"https:\/\/experiencecheval.fr\/wp-content\/uploads\/2023\/09\/cropped-Black-and-White-Minimal-Monogram-Logo-7.png","width":512,"height":512,"caption":"Experiencecheval"},"image":{"@id":"https:\/\/experiencecheval.fr\/#\/schema\/logo\/image\/"}}]}},"_links":{"self":[{"href":"https:\/\/experiencecheval.fr\/index.php\/wp-json\/wp\/v2\/pages\/223"}],"collection":[{"href":"https:\/\/experiencecheval.fr\/index.php\/wp-json\/wp\/v2\/pages"}],"about":[{"href":"https:\/\/experiencecheval.fr\/index.php\/wp-json\/wp\/v2\/types\/page"}],"author":[{"embeddable":true,"href":"https:\/\/experiencecheval.fr\/index.php\/wp-json\/wp\/v2\/users\/1"}],"replies":[{"embeddable":true,"href":"https:\/\/experiencecheval.fr\/index.php\/wp-json\/wp\/v2\/comments?post=223"}],"version-history":[{"count":14,"href":"https:\/\/experiencecheval.fr\/index.php\/wp-json\/wp\/v2\/pages\/223\/revisions"}],"predecessor-version":[{"id":531,"href":"https:\/\/experiencecheval.fr\/index.php\/wp-json\/wp\/v2\/pages\/223\/revisions\/531"}],"wp:attachment":[{"href":"https:\/\/experiencecheval.fr\/index.php\/wp-json\/wp\/v2\/media?parent=223"}],"curies":[{"name":"wp","href":"https:\/\/api.w.org\/{rel}","templated":true}]}}